{"id":506,"date":"2025-07-26T18:10:24","date_gmt":"2025-07-26T16:10:24","guid":{"rendered":"https:\/\/alteregauxtarn.fr\/?page_id=506"},"modified":"2025-09-29T09:09:18","modified_gmt":"2025-09-29T07:09:18","slug":"evenements","status":"publish","type":"page","link":"https:\/\/alteregauxtarn.fr\/index.php\/evenements\/","title":{"rendered":"\u00c9V\u00c9NEMENTS"},"content":{"rendered":"\n<figure class=\"wp-block-image size-large\"><img loading=\"lazy\" decoding=\"async\" width=\"724\" height=\"1024\" src=\"http:\/\/alteregauxtarn.fr\/wp-content\/uploads\/2025\/09\/CHOUETTE2-724x1024.jpg\" alt=\"Chouette\" class=\"wp-image-513\" srcset=\"https:\/\/alteregauxtarn.fr\/wp-content\/uploads\/2025\/09\/CHOUETTE2-724x1024.jpg 724w, https:\/\/alteregauxtarn.fr\/wp-content\/uploads\/2025\/09\/CHOUETTE2-212x300.jpg 212w, https:\/\/alteregauxtarn.fr\/wp-content\/uploads\/2025\/09\/CHOUETTE2-768x1086.jpg 768w, https:\/\/alteregauxtarn.fr\/wp-content\/uploads\/2025\/09\/CHOUETTE2-1086x1536.jpg 1086w, https:\/\/alteregauxtarn.fr\/wp-content\/uploads\/2025\/09\/CHOUETTE2.jpg 1414w\" sizes=\"auto, (max-width: 724px) 100vw, 724px\" \/><\/figure>\n\n\n\n<p>Alter Egaux et la MJC de Gaillac invitent le groupe \u00ab\u00a0Chouette\u00a0\u00bb pour une soir\u00e9e de rencontres solidaires avec des amis venus d&rsquo;ailleurs. \u00c0 partir de 19h, l&rsquo;association propose une restauration et une buvette. Le concert d\u00e9bute vers 20h30.<br>\u00ab\u00a0Chouette\u00a0\u00bb est un quartet toulousain proposant une ambiance festive constitu\u00e9 de :<br>\u2013 Isma\u00ebl Suama \u00e0 la guitare et au chant<br>\u2013 Emilio Rudoy \u00e0 la basse<br>\u2013 Jean-Loup Perry \u00e0 la batterie et aux percussions<br>\u2013 Simon Meliandre au saxophone<\/p>\n\n\n\n<p>Ils interpr\u00e9teront des musiques issues des Cara\u00efbes et d\u2019Afrique (Angola, Cap Vert, Martinique\u2026).<br>Ce concert est au profit d\u2019Alter Egaux, association qui propose un accompagnement \u00e0 des hommes et des femmes r\u00e9fugi\u00e9s sur notre territoire et tente de r\u00e9pondre \u00e0 leurs besoins fondamentaux afin qu\u2019ils puissent avoir une vie digne.<br>Le concert est pr\u00e9c\u00e9d\u00e9 d\u2019un temps de restauration (19h) au menu une \u201csoupe des \u00eeles\u201d + desserts, d\u2019une buvette.<\/p>\n\n\n\n<p><\/p>\n","protected":false},"excerpt":{"rendered":"<p>Alter Egaux et la MJC de Gaillac invitent le groupe \u00ab\u00a0Chouette\u00a0\u00bb pour une soir\u00e9e de rencontres solidaires avec des amis venus d&rsquo;ailleurs. \u00c0 partir de 19h, l&rsquo;association propose une restauration et une buvette. Le concert d\u00e9bute vers 20h30.\u00ab\u00a0Chouette\u00a0\u00bb est un quartet toulousain proposant une ambiance festive constitu\u00e9 de :\u2013 Isma\u00ebl Suama \u00e0 la guitare et &hellip; <a href=\"https:\/\/alteregauxtarn.fr\/index.php\/evenements\/\" class=\"more-link\">Continuer la lecture de <span class=\"screen-reader-text\">\u00c9V\u00c9NEMENTS<\/span><\/a><\/p>\n","protected":false},"author":1,"featured_media":0,"parent":0,"menu_order":0,"comment_status":"closed","ping_status":"closed","template":"","meta":{"footnotes":""},"class_list":["post-506","page","type-page","status-publish","hentry"],"_links":{"self":[{"href":"https:\/\/alteregauxtarn.fr\/index.php\/wp-json\/wp\/v2\/pages\/506","targetHints":{"allow":["GET"]}}],"collection":[{"href":"https:\/\/alteregauxtarn.fr\/index.php\/wp-json\/wp\/v2\/pages"}],"about":[{"href":"https:\/\/alteregauxtarn.fr\/index.php\/wp-json\/wp\/v2\/types\/page"}],"author":[{"embeddable":true,"href":"https:\/\/alteregauxtarn.fr\/index.php\/wp-json\/wp\/v2\/users\/1"}],"replies":[{"embeddable":true,"href":"https:\/\/alteregauxtarn.fr\/index.php\/wp-json\/wp\/v2\/comments?post=506"}],"version-history":[{"count":3,"href":"https:\/\/alteregauxtarn.fr\/index.php\/wp-json\/wp\/v2\/pages\/506\/revisions"}],"predecessor-version":[{"id":514,"href":"https:\/\/alteregauxtarn.fr\/index.php\/wp-json\/wp\/v2\/pages\/506\/revisions\/514"}],"wp:attachment":[{"href":"https:\/\/alteregauxtarn.fr\/index.php\/wp-json\/wp\/v2\/media?parent=506"}],"curies":[{"name":"wp","href":"https:\/\/api.w.org\/{rel}","templated":true}]}}