{"id":467,"date":"2024-04-11T19:02:55","date_gmt":"2024-04-11T17:02:55","guid":{"rendered":"https:\/\/alteregauxtarn.fr\/?page_id=467"},"modified":"2024-04-11T19:02:55","modified_gmt":"2024-04-11T17:02:55","slug":"on-nous-informe","status":"publish","type":"page","link":"https:\/\/alteregauxtarn.fr\/index.php\/on-nous-informe\/","title":{"rendered":"On nous informe"},"content":{"rendered":"\n<p><strong>Alors que les d\u00e9bats autour des prochaines \u00e9lections europ\u00e9ennes sont \u00e0 nouveau l\u2019occasion d\u2019un d\u00e9ferlement de mensonges et de stigmatisation des personnes exil\u00e9es<\/strong>.<\/p>\n\n\n\n<p><\/p>\n\n\n\n<figure class=\"wp-block-image\"><img decoding=\"async\" src=\"blob:https:\/\/alteregauxtarn.fr\/263ca4fc-8cda-4d0b-b2ea-65e7e15e3900\" alt=\"\"\/><\/figure>\n\n\n\n<p><strong>La Cimade tient \u00e0 r\u00e9tablir les faits<\/strong><\/p>\n\n\n\n<figure class=\"wp-block-image size-full is-resized\"><img loading=\"lazy\" decoding=\"async\" width=\"600\" height=\"60\" src=\"https:\/\/alteregauxtarn.fr\/wp-content\/uploads\/2024\/04\/image.png\" alt=\"\" class=\"wp-image-468\" style=\"width:687px;height:auto\" srcset=\"https:\/\/alteregauxtarn.fr\/wp-content\/uploads\/2024\/04\/image.png 600w, https:\/\/alteregauxtarn.fr\/wp-content\/uploads\/2024\/04\/image-300x30.png 300w\" sizes=\"auto, (max-width: 600px) 100vw, 600px\" \/><\/figure>\n\n\n\n<p>On veut nous faire croire que l\u2019Europet envahie par les personnes migrantes. Pourtant, lorsque l\u2019on analyse les chiffres, cette affirmation est On veut nous faire croire que l\u2019Europe est envahie par les personnes migrantes. Pourtant, lorsque l\u2019on analyse les chiffres, cette affirmation est loin d\u2019\u00eatre av\u00e9r\u00e9e. En effet, en 2022, <strong>le nombre de personnes qui ont migr\u00e9 vers l\u2019Europe repr\u00e9sentait seulement 0,10% de la population europ\u00e9enne<\/strong>, sans compter les personnes qui en sont parties !&nbsp;<\/p>\n\n\n\n<p>Et saviez-vous que <strong>97% de la population mondiale reste dans son pays de naissance <\/strong>? Tandis que la grande majorit\u00e9 de celles et ceux qui migrent s\u2019exilent dans un pays voisin.<\/p>\n\n\n\n<p>Sources : Eurostat, Organisation Internationale pour les Migrations (OIM)<\/p>\n\n\n\n<figure class=\"wp-block-image size-full\"><img loading=\"lazy\" decoding=\"async\" width=\"600\" height=\"60\" src=\"https:\/\/alteregauxtarn.fr\/wp-content\/uploads\/2024\/04\/image-1.png\" alt=\"\" class=\"wp-image-469\" srcset=\"https:\/\/alteregauxtarn.fr\/wp-content\/uploads\/2024\/04\/image-1.png 600w, https:\/\/alteregauxtarn.fr\/wp-content\/uploads\/2024\/04\/image-1-300x30.png 300w\" sizes=\"auto, (max-width: 600px) 100vw, 600px\" \/><\/figure>\n\n\n\n<p><\/p>\n\n\n\n<p>On entend parfois que les fronti\u00e8res de l\u2019Europe ne sont plus contr\u00f4l\u00e9es, qu\u2019on y entre comme \u00ab\u00a0dans un moulin\u201d. Pourtant dans la pratique, les Etats membres de l\u2019Union europ\u00e9enne se sont dot\u00e9s de <strong>nombreux dispositifs s\u00e9curitaires, r\u00e9pressifs et mortif\u00e8res pour restreindre l\u2019acc\u00e8s au territoire europ\u00e9en<\/strong>. On compte plus de 100 000 garde-fronti\u00e8res nationaux et plus de 2 000 km de cl\u00f4tures et murs frontaliers.&nbsp;<\/p>\n\n\n\n<p><strong>En 2022, plus de 140 000 personnes se sont vues refuser l\u2019entr\u00e9e aux fronti\u00e8res ext\u00e9rieures de l\u2019Europe<\/strong> et de nombreuses autres ont \u00e9t\u00e9 ill\u00e9galement refoul\u00e9es ou encore enferm\u00e9es d\u00e8s leur entr\u00e9e sur le territoire. Dans les faits, 95% du total des entr\u00e9es dans l\u2019espace Schengen sont effectu\u00e9es dans le cadre d\u2019une proc\u00e9dure r\u00e9guli\u00e8re, avec un visa p<\/p>\n\n\n\n<p>Sources : Eurostat, Commission europ\u00e9enne<\/p>\n\n\n\n<figure class=\"wp-block-image size-full is-resized\"><img loading=\"lazy\" decoding=\"async\" width=\"600\" height=\"60\" src=\"https:\/\/alteregauxtarn.fr\/wp-content\/uploads\/2024\/04\/image-2.png\" alt=\"\" class=\"wp-image-470\" style=\"width:687px;height:auto\" srcset=\"https:\/\/alteregauxtarn.fr\/wp-content\/uploads\/2024\/04\/image-2.png 600w, https:\/\/alteregauxtarn.fr\/wp-content\/uploads\/2024\/04\/image-2-300x30.png 300w\" sizes=\"auto, (max-width: 600px) 100vw, 600px\" \/><\/figure>\n\n\n\n<p>On nous dit que la France accueillerait beaucoup plus de demandeuses et demandeurs d\u2019asile que ses voisins europ\u00e9ens.&nbsp;<\/p>\n\n\n\n<p>Elle se place en r\u00e9alit\u00e9 en <strong>13\u00e8me position parmi les Etats membres de l\u2019UE<\/strong>, proportionnellement \u00e0 sa population, s\u2019agissant du nombre de demandeuses et demandeurs d\u2019asile accueilli\u00b7e\u00b7s sur son territoire. Et la part des demandeuses et <strong>demandeurs d\u2019asile dans la population fran\u00e7aise \u00e9tait de 0,2% en 2023.&nbsp;<\/strong><\/p>\n\n\n\n<p>En outre, les conditions d\u2019accueil sont parfois difficiles pour les demandeuses et demandeurs d\u2019asile en France. \u00c0 titre d\u2019exemple, 60% des demandeuses et demandeurs d\u2019asile en 2023 n\u2019ont pu acc\u00e9der \u00e0 un h\u00e9bergement, <strong>contrairement \u00e0 ce que pr\u00e9voit la l\u00e9gislation, les contraignant pour beaucoup \u00e0 vivre dans la rue dans des conditions extr\u00eamement pr\u00e9caires<\/strong>.<\/p>\n\n\n\n<p>Sources : Eurostat, minist\u00e8re de l\u2019Int\u00e9rieur<\/p>\n\n\n\n<figure class=\"wp-block-image size-full is-resized\"><img loading=\"lazy\" decoding=\"async\" width=\"600\" height=\"60\" src=\"https:\/\/alteregauxtarn.fr\/wp-content\/uploads\/2024\/04\/image-3.png\" alt=\"\" class=\"wp-image-471\" style=\"width:690px;height:auto\" srcset=\"https:\/\/alteregauxtarn.fr\/wp-content\/uploads\/2024\/04\/image-3.png 600w, https:\/\/alteregauxtarn.fr\/wp-content\/uploads\/2024\/04\/image-3-300x30.png 300w\" sizes=\"auto, (max-width: 600px) 100vw, 600px\" \/><\/figure>\n\n\n\n<p>On veut nous faire croire que l\u2019Europe serait trop accueillante avec les personnes migrantes ce qui cr\u00e9erait un \u00ab appel d\u2019air \u00bb.<\/p>\n\n\n\n<p><strong>Depuis des ann\u00e9es, l\u2019Union europ\u00e9enne est plut\u00f4t dans une d\u00e9marche de fermeture \u00e0 tout prix de ses fronti\u00e8res<\/strong>. En construisant des murs, en complexifiant les d\u00e9marches administratives des personnes, en contr\u00f4lant, en traquant, en enfermant et en expulsant les personnes \u00e9trang\u00e8res qui y r\u00e9sident ou souhaitent y trouver refuge. <strong>Chaque ann\u00e9e<\/strong><strong> <\/strong><strong>ce sont plus de 100 000 personnes migrantes qui sont enferm\u00e9es pour le seul motif d\u2019\u00eatre \u00e9trang\u00e8res !<\/strong> Pourtant ces dispositifs n&#8217;emp\u00eachent pas les personnes de fuir leur pays en guerre ou de chercher un avenir meilleur en Europe, mais ont des cons\u00e9quences dramatiques sur leurs vies.<\/p>\n\n\n\n<p>*Source : Parlement europ\u00e9en<\/p>\n\n\n\n<p><strong>Dans un contexte politique et m\u00e9diatique trop souvent satur\u00e9 de discours attisant les peurs, la haine et consid\u00e9rant toutes les personnes \u00e9trang\u00e8res comme une menace pour la France et pour l\u2019Europe, un sursaut citoyen est essentiel. <\/strong><strong>Mobilisons-nous !&nbsp;<\/strong><\/p>\n","protected":false},"excerpt":{"rendered":"<p>Alors que les d\u00e9bats autour des prochaines \u00e9lections europ\u00e9ennes sont \u00e0 nouveau l\u2019occasion d\u2019un d\u00e9ferlement de mensonges et de stigmatisation des personnes exil\u00e9es. La Cimade tient \u00e0 r\u00e9tablir les faits On veut nous faire croire que l\u2019Europet envahie par les personnes migrantes. Pourtant, lorsque l\u2019on analyse les chiffres, cette affirmation est On veut nous faire &hellip; <a href=\"https:\/\/alteregauxtarn.fr\/index.php\/on-nous-informe\/\" class=\"more-link\">Continuer la lecture de <span class=\"screen-reader-text\">On nous informe<\/span><\/a><\/p>\n","protected":false},"author":1,"featured_media":0,"parent":0,"menu_order":0,"comment_status":"closed","ping_status":"closed","template":"","meta":{"footnotes":""},"class_list":["post-467","page","type-page","status-publish","hentry"],"_links":{"self":[{"href":"https:\/\/alteregauxtarn.fr\/index.php\/wp-json\/wp\/v2\/pages\/467","targetHints":{"allow":["GET"]}}],"collection":[{"href":"https:\/\/alteregauxtarn.fr\/index.php\/wp-json\/wp\/v2\/pages"}],"about":[{"href":"https:\/\/alteregauxtarn.fr\/index.php\/wp-json\/wp\/v2\/types\/page"}],"author":[{"embeddable":true,"href":"https:\/\/alteregauxtarn.fr\/index.php\/wp-json\/wp\/v2\/users\/1"}],"replies":[{"embeddable":true,"href":"https:\/\/alteregauxtarn.fr\/index.php\/wp-json\/wp\/v2\/comments?post=467"}],"version-history":[{"count":1,"href":"https:\/\/alteregauxtarn.fr\/index.php\/wp-json\/wp\/v2\/pages\/467\/revisions"}],"predecessor-version":[{"id":473,"href":"https:\/\/alteregauxtarn.fr\/index.php\/wp-json\/wp\/v2\/pages\/467\/revisions\/473"}],"wp:attachment":[{"href":"https:\/\/alteregauxtarn.fr\/index.php\/wp-json\/wp\/v2\/media?parent=467"}],"curies":[{"name":"wp","href":"https:\/\/api.w.org\/{rel}","templated":true}]}}